{"id":213593,"date":"2017-08-08T12:12:21","date_gmt":"2017-08-08T10:12:21","guid":{"rendered":"http:\/\/www.bmcs.cargolink.de\/?page_id=213593"},"modified":"2023-04-27T14:29:31","modified_gmt":"2023-04-27T12:29:31","slug":"zertifikate","status":"publish","type":"page","link":"https:\/\/www.bmcs.cargolink.de\/index.php\/zertifikate\/","title":{"rendered":"Zertifikate"},"content":{"rendered":"<p>[et_pb_section fb_built=&#8221;1&#8243; admin_label=&#8221;section&#8221; _builder_version=&#8221;3.22&#8243; use_background_color_gradient=&#8221;on&#8221; background_color_gradient_start=&#8221;#ffffff&#8221; background_color_gradient_end=&#8221;#f6f6f6&#8243; background_color_gradient_direction=&#8221;18deg&#8221; background_color_gradient_start_position=&#8221;50%&#8221; background_color_gradient_end_position=&#8221;50%&#8221; background_blend=&#8221;multiply&#8221; custom_padding=&#8221;0px||0px|&#8221;][et_pb_row _builder_version=&#8221;3.25&#8243; background_size=&#8221;initial&#8221; background_position=&#8221;top_left&#8221; background_repeat=&#8221;repeat&#8221;][et_pb_column type=&#8221;4_4&#8243; _builder_version=&#8221;3.25&#8243; custom_padding=&#8221;|||&#8221; custom_padding__hover=&#8221;|||&#8221;][et_pb_text _builder_version=&#8221;3.27.4&#8243; text_font_size=&#8221;38px&#8221; text_line_height=&#8221;1.9em&#8221; header_font_size=&#8221;28px&#8221; header_line_height=&#8221;1.1em&#8221; background_size=&#8221;initial&#8221; background_position=&#8221;top_left&#8221; background_repeat=&#8221;repeat&#8221; text_orientation=&#8221;center&#8221; max_width=&#8221;80%&#8221; module_alignment=&#8221;center&#8221; custom_margin=&#8221;70px|||&#8221; text_line_height_tablet=&#8221;&#8221; text_line_height_phone=&#8221;1.3em&#8221; text_line_height_last_edited=&#8221;on|desktop&#8221; border_style=&#8221;solid&#8221;]<\/p>\n<h1>Vertrauen ist gut -der Nachweis, dass wir die von unseren Kunden gestellten Anforderungen rund um den Transport mit den uns anvertrauten Produkten erf\u00fcllen, ist besser.<\/h1>\n<p>[\/et_pb_text][\/et_pb_column][\/et_pb_row][et_pb_row _builder_version=&#8221;3.25&#8243; background_size=&#8221;initial&#8221; background_position=&#8221;top_left&#8221; background_repeat=&#8221;repeat&#8221;][et_pb_column type=&#8221;4_4&#8243; _builder_version=&#8221;3.25&#8243; custom_padding=&#8221;|||&#8221; custom_padding__hover=&#8221;|||&#8221;][et_pb_image src=&#8221;https:\/\/www.bmcs.cargolink.de\/wp-content\/uploads\/2022\/01\/002016-100-DE-1.jpg&#8221; show_in_lightbox=&#8221;on&#8221; align_tablet=&#8221;center&#8221; align_phone=&#8221;&#8221; align_last_edited=&#8221;on|desktop&#8221; module_class=&#8221;shadowbox&#8221; _builder_version=&#8221;4.1&#8243; animation_style=&#8221;slide&#8221; animation_direction=&#8221;left&#8221; animation_duration=&#8221;500ms&#8221; animation_intensity_slide=&#8221;10%&#8221; border_style=&#8221;solid&#8221; sticky=&#8221;off&#8221;][\/et_pb_image][\/et_pb_column][\/et_pb_row][et_pb_row column_structure=&#8221;2_3,1_3&#8243; _builder_version=&#8221;3.25&#8243; background_size=&#8221;initial&#8221; background_position=&#8221;top_left&#8221; background_repeat=&#8221;repeat&#8221;][et_pb_column type=&#8221;2_3&#8243; _builder_version=&#8221;3.25&#8243; custom_padding=&#8221;|||&#8221; custom_padding__hover=&#8221;|||&#8221;][et_pb_image src=&#8221;https:\/\/www.bmcs.cargolink.de\/wp-content\/uploads\/2023\/04\/Certificate-1.png&#8221; show_in_lightbox=&#8221;on&#8221; align_tablet=&#8221;center&#8221; align_phone=&#8221;&#8221; align_last_edited=&#8221;on|desktop&#8221; module_class=&#8221;shadowbox&#8221; _builder_version=&#8221;4.1&#8243; animation_style=&#8221;slide&#8221; animation_direction=&#8221;left&#8221; animation_duration=&#8221;500ms&#8221; animation_intensity_slide=&#8221;10%&#8221; border_style=&#8221;solid&#8221; sticky=&#8221;off&#8221;][\/et_pb_image][\/et_pb_column][et_pb_column type=&#8221;1_3&#8243; _builder_version=&#8221;3.25&#8243; custom_padding=&#8221;|||&#8221; custom_padding__hover=&#8221;|||&#8221;][et_pb_image src=&#8221;https:\/\/www.bmcs.cargolink.de\/wp-content\/uploads\/2022\/01\/sqas-assessed-company-logo.png&#8221; _builder_version=&#8221;4.1&#8243;][\/et_pb_image][\/et_pb_column][\/et_pb_row][\/et_pb_section][et_pb_section fb_built=&#8221;1&#8243; admin_label=&#8221;MAP&#8221; _builder_version=&#8221;3.22&#8243; background_color=&#8221;#f6f6f6&#8243; custom_padding=&#8221;0px||0px|&#8221;][et_pb_row use_custom_gutter=&#8221;on&#8221; gutter_width=&#8221;1&#8243; admin_label=&#8221;row&#8221; module_class=&#8221; et_pb_row_fullwidth&#8221; _builder_version=&#8221;3.25&#8243; background_size=&#8221;initial&#8221; background_position=&#8221;top_left&#8221; background_repeat=&#8221;repeat&#8221; width=&#8221;100%&#8221; width_tablet=&#8221;100%&#8221; width_phone=&#8221;&#8221; width_last_edited=&#8221;on|desktop&#8221; max_width=&#8221;100%&#8221; max_width_tablet=&#8221;100%&#8221; max_width_phone=&#8221;&#8221; max_width_last_edited=&#8221;on|desktop&#8221; custom_margin=&#8221;0px||0px|&#8221; custom_padding=&#8221;0px||0px|&#8221; make_fullwidth=&#8221;on&#8221;][et_pb_column type=&#8221;4_4&#8243; _builder_version=&#8221;3.25&#8243; custom_padding=&#8221;|||&#8221; custom_padding__hover=&#8221;|||&#8221;][et_pb_code admin_label=&#8221;CODE MODULE &#8211; CSS Code for the hover efects and alignment&#8221;]<\/p>\n<style><!-- [et_pb_line_break_holder] --><!-- [et_pb_line_break_holder] -->.vertical-align{ display: flex; flex-direction: column; justify-content: center;} <!-- [et_pb_line_break_holder] --><!-- [et_pb_line_break_holder] -->.shadowbox, .shadowbox-2{ -moz-box-shadow: 0px 0px 40px rgba(0,0,0,0.2);<!-- [et_pb_line_break_holder] -->-webkit-box-shadow: 0px 0px 40px rgba(0,0,0,0.2);<!-- [et_pb_line_break_holder] -->box-shadow: 0px 0px 40px rgba(0,0,0,0.2);<!-- [et_pb_line_break_holder] -->}<!-- [et_pb_line_break_holder] --><!-- [et_pb_line_break_holder] -->.shadowbox:hover, .shadowbox-2:hover{ -moz-box-shadow: 0px 0px 40px rgba(0,0,0,0.3);<!-- [et_pb_line_break_holder] -->-webkit-box-shadow: 0px 0px 40px rgba(0,0,0,0.3);<!-- [et_pb_line_break_holder] -->box-shadow: 0px 0px 40px rgba(0,0,0,0.3);<!-- [et_pb_line_break_holder] --> -webkit-transition: all .5s ease-out;<!-- [et_pb_line_break_holder] --> -moz-transition: all 0.5s ease-out;<!-- [et_pb_line_break_holder] --> -ms-transition: all 0.5s ease-out;<!-- [et_pb_line_break_holder] --> -o-transition: all 0.5s ease-out;<!-- [et_pb_line_break_holder] --> transition: all 0.5s ease-out;}<!-- [et_pb_line_break_holder] --><!-- [et_pb_line_break_holder] -->.shadowbox .et-pb-icon, .shadowbox-2 .et-pb-icon{<!-- [et_pb_line_break_holder] --> -webkit-transition: all .3s ease;<!-- [et_pb_line_break_holder] --> -moz-transition: all 0.3s ease;<!-- [et_pb_line_break_holder] --> -ms-transition: all 0.3s ease;<!-- [et_pb_line_break_holder] --> -o-transition: all 0.3s ease;<!-- [et_pb_line_break_holder] --> transition: all 0.3s ease;}<!-- [et_pb_line_break_holder] --><!-- [et_pb_line_break_holder] -->.shadowbox:hover .et-pb-icon {<!-- [et_pb_line_break_holder] --> -webkit-transform:rotate(90deg);<!-- [et_pb_line_break_holder] --> -ms-transform:rotate(90deg);<!-- [et_pb_line_break_holder] --> transform: rotate(90deg);<!-- [et_pb_line_break_holder] --> -webkit-transition: all .3s ease;<!-- [et_pb_line_break_holder] --> -moz-transition: all 0.3s ease;<!-- [et_pb_line_break_holder] --> -ms-transition: all 0.3s ease;<!-- [et_pb_line_break_holder] --> -o-transition: all 0.3s ease;<!-- [et_pb_line_break_holder] --> transition: all 0.3s ease;<!-- [et_pb_line_break_holder] -->}<!-- [et_pb_line_break_holder] --><!-- [et_pb_line_break_holder] -->.shadowbox-2:hover .et-pb-icon {<!-- [et_pb_line_break_holder] --> transform: scale(1.3);<!-- [et_pb_line_break_holder] --> -webkit-transition: all .3s ease;<!-- [et_pb_line_break_holder] --> -moz-transition: all 0.3s ease;<!-- [et_pb_line_break_holder] --> -ms-transition: all 0.3s ease;<!-- [et_pb_line_break_holder] --> -o-transition: all 0.3s ease;<!-- [et_pb_line_break_holder] --> transition: all 0.3s ease;}<!-- [et_pb_line_break_holder] --><!-- [et_pb_line_break_holder] --><!-- [et_pb_line_break_holder] --><\/style>\n<p>[\/et_pb_code][\/et_pb_column][\/et_pb_row][\/et_pb_section][et_pb_section fb_built=&#8221;1&#8243; inner_shadow=&#8221;on&#8221; custom_padding_last_edited=&#8221;on|desktop&#8221; module_class=&#8221;shadowbox&#8221; _builder_version=&#8221;3.0.64&#8243; background_color=&#8221;rgba(12,113,195,0.56)&#8221; use_background_color_gradient=&#8221;on&#8221; background_color_gradient_start=&#8221;#eeeeee&#8221; background_color_gradient_end=&#8221;#ffffff&#8221; background_color_gradient_direction=&#8221;18deg&#8221; background_color_gradient_start_position=&#8221;50%&#8221; background_color_gradient_end_position=&#8221;50%&#8221; custom_padding=&#8221;||0px|&#8221; custom_padding_tablet=&#8221;&#8221; custom_padding_phone=&#8221;&#8221; global_module=&#8221;213023&#8243;][et_pb_row column_structure=&#8221;1_3,1_3,1_3&#8243; _builder_version=&#8221;3.25&#8243; background_size=&#8221;initial&#8221; background_position=&#8221;top_left&#8221; background_repeat=&#8221;repeat&#8221;][et_pb_column type=&#8221;1_3&#8243; module_class=&#8221;vertical-align&#8221; _builder_version=&#8221;3.0.47&#8243; background_position=&#8221;top_left&#8221; custom_padding=&#8221;|||&#8221; custom_padding__hover=&#8221;|||&#8221;][et_pb_text _builder_version=&#8221;3.27.4&#8243; text_font=&#8221;Raleway|on|||&#8221; text_text_color=&#8221;#777777&#8243; text_font_size=&#8221;28&#8243; text_line_height=&#8221;1.4em&#8221; custom_margin=&#8221;||8px|&#8221; custom_css_main_element=&#8221;font-weight: 900;&#8221; border_style=&#8221;solid&#8221;]<\/p>\n<p>BMCS Partner<\/p>\n<p>[\/et_pb_text][et_pb_text _builder_version=&#8221;4.1&#8243; text_font=&#8221;Source Sans Pro||||&#8221; text_text_color=&#8221;#808080&#8243; text_line_height=&#8221;1.5em&#8221; max_width=&#8221;300px&#8221; custom_padding=&#8221;0px|||&#8221; border_style=&#8221;solid&#8221;]<\/p>\n<p>\u00a9 2023 BMCS Bress Mundial Das BMCS Sponsoring erm\u00f6glicht benachteiligten Kindern in der Welt eine schulische Ausbildung. Denn Kinder sind die Zukunft! Wir unterst\u00fctzen daher die Arbeit vom gemeinn\u00fctzigen Verein<strong> <a href=\"http:\/\/www.sambia-ev.de\/\">SAMBIA e.V.<\/a><\/strong><\/p>\n<p>[\/et_pb_text][et_pb_image src=&#8221;https:\/\/www.bmcs.cargolink.de\/wp-content\/uploads\/2022\/01\/aktionm.png&#8221; align_tablet=&#8221;center&#8221; align_phone=&#8221;&#8221; align_last_edited=&#8221;on|desktop&#8221; _builder_version=&#8221;4.1&#8243; max_width=&#8221;67%&#8221; z_index_tablet=&#8221;500&#8243;][\/et_pb_image][\/et_pb_column][et_pb_column type=&#8221;1_3&#8243; module_class=&#8221;vertical-align&#8221; _builder_version=&#8221;3.0.47&#8243; background_position=&#8221;top_left&#8221; custom_padding=&#8221;|||&#8221; custom_padding__hover=&#8221;|||&#8221;][et_pb_text _builder_version=&#8221;3.27.4&#8243; text_font=&#8221;Raleway|on|||&#8221; text_text_color=&#8221;#777777&#8243; text_font_size=&#8221;28&#8243; text_line_height=&#8221;1.4em&#8221; custom_margin=&#8221;||8px|&#8221; custom_css_main_element=&#8221;font-weight: 900;&#8221; border_style=&#8221;solid&#8221;]<\/p>\n<p>MEET BMCS<\/p>\n<p>[\/et_pb_text][et_pb_text _builder_version=&#8221;3.29.3&#8243; text_font_size=&#8221;12px&#8221; text_line_height=&#8221;1em&#8221; background_size=&#8221;initial&#8221; background_position=&#8221;top_left&#8221; background_repeat=&#8221;repeat&#8221; custom_padding=&#8221;20px|20px|20px|20px&#8221; z_index_tablet=&#8221;500&#8243; text_text_shadow_horizontal_length_tablet=&#8221;0px&#8221; text_text_shadow_vertical_length_tablet=&#8221;0px&#8221; text_text_shadow_blur_strength_tablet=&#8221;1px&#8221; link_text_shadow_horizontal_length_tablet=&#8221;0px&#8221; link_text_shadow_vertical_length_tablet=&#8221;0px&#8221; link_text_shadow_blur_strength_tablet=&#8221;1px&#8221; ul_text_shadow_horizontal_length_tablet=&#8221;0px&#8221; ul_text_shadow_vertical_length_tablet=&#8221;0px&#8221; ul_text_shadow_blur_strength_tablet=&#8221;1px&#8221; ol_text_shadow_horizontal_length_tablet=&#8221;0px&#8221; ol_text_shadow_vertical_length_tablet=&#8221;0px&#8221; ol_text_shadow_blur_strength_tablet=&#8221;1px&#8221; quote_text_shadow_horizontal_length_tablet=&#8221;0px&#8221; quote_text_shadow_vertical_length_tablet=&#8221;0px&#8221; quote_text_shadow_blur_strength_tablet=&#8221;1px&#8221; header_text_shadow_horizontal_length_tablet=&#8221;0px&#8221; header_text_shadow_vertical_length_tablet=&#8221;0px&#8221; header_text_shadow_blur_strength_tablet=&#8221;1px&#8221; header_2_text_shadow_horizontal_length_tablet=&#8221;0px&#8221; header_2_text_shadow_vertical_length_tablet=&#8221;0px&#8221; header_2_text_shadow_blur_strength_tablet=&#8221;1px&#8221; header_3_text_shadow_horizontal_length_tablet=&#8221;0px&#8221; header_3_text_shadow_vertical_length_tablet=&#8221;0px&#8221; header_3_text_shadow_blur_strength_tablet=&#8221;1px&#8221; header_4_text_shadow_horizontal_length_tablet=&#8221;0px&#8221; header_4_text_shadow_vertical_length_tablet=&#8221;0px&#8221; header_4_text_shadow_blur_strength_tablet=&#8221;1px&#8221; header_5_text_shadow_horizontal_length_tablet=&#8221;0px&#8221; header_5_text_shadow_vertical_length_tablet=&#8221;0px&#8221; header_5_text_shadow_blur_strength_tablet=&#8221;1px&#8221; header_6_text_shadow_horizontal_length_tablet=&#8221;0px&#8221; header_6_text_shadow_vertical_length_tablet=&#8221;0px&#8221; header_6_text_shadow_blur_strength_tablet=&#8221;1px&#8221; box_shadow_horizontal_tablet=&#8221;0px&#8221; box_shadow_vertical_tablet=&#8221;0px&#8221; box_shadow_blur_tablet=&#8221;40px&#8221; box_shadow_spread_tablet=&#8221;0px&#8221;]<\/p>\n<p><span style=\"color: #808080;\"><a style=\"color: #808080;\" href=\"https:\/\/www.bmcs.cargolink.de\/index.php\/deleitsaetze\/\">Leits\u00e4tze<\/a><\/span><\/p>\n<p><span style=\"color: #808080;\"><a style=\"color: #808080;\" href=\"https:\/\/www.bmcs.cargolink.de\/index.php\/impressum\/\">Impressum<\/a><\/span><\/p>\n<p><span style=\"color: #808080;\"><a style=\"color: #808080;\" href=\"https:\/\/www.bmcs.cargolink.de\/index.php\/datenschutz\/\">Datenschutz<\/a><\/span><\/p>\n<p><span style=\"color: #808080;\"><a style=\"color: #808080;\" href=\"https:\/\/www.bmcs.cargolink.de\/index.php\/kontakt\/\">Kontakt<\/a><\/span><\/p>\n<\/p>\n<p>[\/et_pb_text][et_pb_text _builder_version=&#8221;3.27.4&#8243; text_font=&#8221;Source Sans Pro||||&#8221; text_text_color=&#8221;#808080&#8243; text_line_height=&#8221;1.5em&#8221; max_width=&#8221;300px&#8221; custom_padding=&#8221;0px|||&#8221; border_style=&#8221;solid&#8221;]<\/p>\n<p>Alle auf dieser Seite verwendeten Bilder sind lizenfreie Bilder der Anbieter <a href=\"https:\/\/pixabay.com\">Pixabay<\/a> und\u00a0<a href=\"https:\/\/unsplash.com\/\">unsplash!<\/a><\/p>\n<p>[\/et_pb_text][et_pb_search exclude_pages=&#8221;off&#8221; _builder_version=&#8221;3.23&#8243; hide_button=&#8221;off&#8221; button_text_size__hover_enabled=&#8221;off&#8221; button_text_size__hover=&#8221;null&#8221; button_one_text_size__hover_enabled=&#8221;off&#8221; button_one_text_size__hover=&#8221;null&#8221; button_two_text_size__hover_enabled=&#8221;off&#8221; button_two_text_size__hover=&#8221;null&#8221; button_text_color__hover_enabled=&#8221;off&#8221; button_text_color__hover=&#8221;null&#8221; button_one_text_color__hover_enabled=&#8221;off&#8221; button_one_text_color__hover=&#8221;null&#8221; button_two_text_color__hover_enabled=&#8221;off&#8221; button_two_text_color__hover=&#8221;null&#8221; button_border_width__hover_enabled=&#8221;off&#8221; button_border_width__hover=&#8221;null&#8221; button_one_border_width__hover_enabled=&#8221;off&#8221; button_one_border_width__hover=&#8221;null&#8221; button_two_border_width__hover_enabled=&#8221;off&#8221; button_two_border_width__hover=&#8221;null&#8221; button_border_color__hover_enabled=&#8221;off&#8221; button_border_color__hover=&#8221;null&#8221; button_one_border_color__hover_enabled=&#8221;off&#8221; button_one_border_color__hover=&#8221;null&#8221; button_two_border_color__hover_enabled=&#8221;off&#8221; button_two_border_color__hover=&#8221;null&#8221; button_border_radius__hover_enabled=&#8221;off&#8221; button_border_radius__hover=&#8221;null&#8221; button_one_border_radius__hover_enabled=&#8221;off&#8221; button_one_border_radius__hover=&#8221;null&#8221; button_two_border_radius__hover_enabled=&#8221;off&#8221; button_two_border_radius__hover=&#8221;null&#8221; button_letter_spacing__hover_enabled=&#8221;off&#8221; button_letter_spacing__hover=&#8221;null&#8221; button_one_letter_spacing__hover_enabled=&#8221;off&#8221; button_one_letter_spacing__hover=&#8221;null&#8221; button_two_letter_spacing__hover_enabled=&#8221;off&#8221; button_two_letter_spacing__hover=&#8221;null&#8221; button_bg_color__hover_enabled=&#8221;off&#8221; button_bg_color__hover=&#8221;null&#8221; button_one_bg_color__hover_enabled=&#8221;off&#8221; button_one_bg_color__hover=&#8221;null&#8221; button_two_bg_color__hover_enabled=&#8221;off&#8221; button_two_bg_color__hover=&#8221;null&#8221;][\/et_pb_search][\/et_pb_column][et_pb_column type=&#8221;1_3&#8243; module_class=&#8221;vertical-align&#8221; _builder_version=&#8221;3.0.47&#8243; background_position=&#8221;top_left&#8221; custom_padding=&#8221;|||&#8221; custom_padding__hover=&#8221;|||&#8221;][et_pb_text _builder_version=&#8221;3.27.4&#8243; text_font=&#8221;Raleway|on|||&#8221; text_text_color=&#8221;#777777&#8243; text_font_size=&#8221;28&#8243; text_line_height=&#8221;1.4em&#8221; custom_margin=&#8221;||8px|&#8221; custom_css_main_element=&#8221;font-weight: 900;&#8221;]<\/p>\n<p>KARTE<\/p>\n<p>[\/et_pb_text][et_pb_image src=&#8221;https:\/\/www.bmcs.cargolink.de\/wp-content\/uploads\/2018\/07\/bmcs_map.png&#8221; url=&#8221;https:\/\/www.openstreetmap.de\/karte.html?zoom=15&#038;lat=50.00191&#038;lon=8.65289&#038;layers=B000TT&#8221; url_new_window=&#8221;on&#8221; align_tablet=&#8221;center&#8221; align_phone=&#8221;&#8221; align_last_edited=&#8221;on|desktop&#8221; _builder_version=&#8221;3.23&#8243; always_center_on_mobile=&#8221;on&#8221;][\/et_pb_image][et_pb_image src=&#8221;https:\/\/www.bmcs.cargolink.de\/wp-content\/uploads\/2017\/07\/CONSCIENTA_logo_klein-1.png&#8221; align=&#8221;center&#8221; align_tablet=&#8221;center&#8221; align_phone=&#8221;&#8221; align_last_edited=&#8221;on|desktop&#8221; _builder_version=&#8221;3.23&#8243; z_index_tablet=&#8221;500&#8243;][\/et_pb_image][\/et_pb_column][\/et_pb_row][\/et_pb_section][et_pb_section fb_built=&#8221;1&#8243; _builder_version=&#8221;3.22&#8243;][et_pb_row _builder_version=&#8221;3.25&#8243; background_size=&#8221;initial&#8221; background_position=&#8221;top_left&#8221; background_repeat=&#8221;repeat&#8221;][\/et_pb_row][\/et_pb_section]<\/p>\n","protected":false},"excerpt":{"rendered":"<p>Vertrauen ist gut -der Nachweis, dass wir die von unseren Kunden gestellten Anforderungen rund um den Transport mit den uns anvertrauten Produkten erf\u00fcllen, ist besser. BMCS Partner\u00a9 2023 BMCS Bress Mundial Das BMCS Sponsoring erm\u00f6glicht benachteiligten Kindern in der Welt eine schulische Ausbildung. Denn Kinder sind die Zukunft! Wir unterst\u00fctzen daher die Arbeit vom gemeinn\u00fctzigen [&hellip;]<\/p>\n","protected":false},"author":1,"featured_media":0,"parent":0,"menu_order":0,"comment_status":"closed","ping_status":"closed","template":"","meta":{"_et_pb_use_builder":"on","_et_pb_old_content":"","_et_gb_content_width":"","footnotes":""},"class_list":["post-213593","page","type-page","status-publish","hentry"],"_links":{"self":[{"href":"https:\/\/www.bmcs.cargolink.de\/index.php\/wp-json\/wp\/v2\/pages\/213593","targetHints":{"allow":["GET"]}}],"collection":[{"href":"https:\/\/www.bmcs.cargolink.de\/index.php\/wp-json\/wp\/v2\/pages"}],"about":[{"href":"https:\/\/www.bmcs.cargolink.de\/index.php\/wp-json\/wp\/v2\/types\/page"}],"author":[{"embeddable":true,"href":"https:\/\/www.bmcs.cargolink.de\/index.php\/wp-json\/wp\/v2\/users\/1"}],"replies":[{"embeddable":true,"href":"https:\/\/www.bmcs.cargolink.de\/index.php\/wp-json\/wp\/v2\/comments?post=213593"}],"version-history":[{"count":12,"href":"https:\/\/www.bmcs.cargolink.de\/index.php\/wp-json\/wp\/v2\/pages\/213593\/revisions"}],"predecessor-version":[{"id":213973,"href":"https:\/\/www.bmcs.cargolink.de\/index.php\/wp-json\/wp\/v2\/pages\/213593\/revisions\/213973"}],"wp:attachment":[{"href":"https:\/\/www.bmcs.cargolink.de\/index.php\/wp-json\/wp\/v2\/media?parent=213593"}],"curies":[{"name":"wp","href":"https:\/\/api.w.org\/{rel}","templated":true}]}}