{"id":213342,"date":"2017-07-31T08:58:23","date_gmt":"2017-07-31T06:58:23","guid":{"rendered":"http:\/\/www.bmcs.cargolink.de\/?page_id=213342"},"modified":"2018-05-14T13:44:36","modified_gmt":"2018-05-14T11:44:36","slug":"kontakt","status":"publish","type":"page","link":"https:\/\/www.bmcs.cargolink.de\/index.php\/kontakt\/","title":{"rendered":"Kontakt"},"content":{"rendered":"<p>[et_pb_section bb_built=&#8221;1&#8243; admin_label=&#8221;CONTACT SECTION&#8221; background_color=&#8221;rgba(12,113,195,0.56)&#8221; module_id=&#8221;contact&#8221; module_class=&#8221;contact&#8221; _builder_version=&#8221;3.0.64&#8243; use_background_color_gradient=&#8221;on&#8221; background_color_gradient_start=&#8221;rgba(43,135,218,0.49)&#8221; background_color_gradient_end=&#8221;rgba(41,196,169,0.43)&#8221; background_image=&#8221;http:\/\/www.bmcs.cargolink.de\/wp-content\/uploads\/2017\/07\/IMG_0764-1.jpg&#8221; parallax=&#8221;on&#8221; custom_padding=&#8221;0px|0px|54px|0px&#8221;][et_pb_row admin_label=&#8221;row&#8221; make_fullwidth=&#8221;on&#8221; custom_padding=&#8221;0px|0px|30px|0px&#8221; custom_margin=&#8221;0px||0px|&#8221; background_position_1=&#8221;top_left&#8221; background_position_2=&#8221;top_left&#8221; background_repeat_1=&#8221;no-repeat&#8221; background_repeat_2=&#8221;no-repeat&#8221; _builder_version=&#8221;3.0.64&#8243; use_background_color_gradient=&#8221;on&#8221; background_color_gradient_start=&#8221;rgba(43,135,218,0.7)&#8221; background_color_gradient_end=&#8221;rgba(41,196,169,0.61)&#8221; background_color_gradient_start_position=&#8221;100%&#8221;][et_pb_column type=&#8221;4_4&#8243;][et_pb_text background_layout=&#8221;dark&#8221; _builder_version=&#8221;3.0.64&#8243; text_font_size=&#8221;38px&#8221; text_line_height=&#8221;1.9em&#8221; header_font_size=&#8221;39px&#8221; header_font_size_tablet=&#8221;27px&#8221; header_font_size_phone=&#8221;26px&#8221; header_font_size_last_edited=&#8221;on|tablet&#8221; header_line_height=&#8221;1.1em&#8221; text_orientation=&#8221;center&#8221; module_alignment=&#8221;center&#8221; custom_margin=&#8221;70px|||&#8221;]<\/p>\n<h1>Sie haben Fragen? Diese k\u00f6nnen wir gerne bei einem Kaffee besprechen.<\/h1>\n<p>[\/et_pb_text][\/et_pb_column][\/et_pb_row][et_pb_row admin_label=&#8221;row&#8221; make_fullwidth=&#8221;on&#8221; background_position_1=&#8221;top_left&#8221; background_position_2=&#8221;top_left&#8221; background_position_3=&#8221;top_left&#8221; background_position_4=&#8221;top_left&#8221; background_repeat_1=&#8221;no-repeat&#8221; background_repeat_2=&#8221;no-repeat&#8221; background_repeat_3=&#8221;no-repeat&#8221; background_repeat_4=&#8221;no-repeat&#8221; _builder_version=&#8221;3.0.64&#8243; use_background_color_gradient=&#8221;on&#8221; background_color_gradient_start=&#8221;rgba(43,135,218,0.7)&#8221; background_color_gradient_end=&#8221;rgba(41,196,169,0.58)&#8221; background_color_gradient_start_position=&#8221;100%&#8221;][et_pb_column type=&#8221;1_4&#8243;][\/et_pb_column][et_pb_column type=&#8221;1_4&#8243;][et_pb_blurb title=&#8221;RUFEN SIE UNS AN&#8221; use_icon=&#8221;on&#8221; font_icon=&#8221;%%104%%&#8221; icon_color=&#8221;rgba(255,255,255,0.22)&#8221; icon_placement=&#8221;left&#8221; background_layout=&#8221;dark&#8221; _builder_version=&#8221;3.0.64&#8243; header_font=&#8221;|on|||&#8221; body_font_size_last_edited=&#8221;on|tablet&#8221; custom_margin_tablet=&#8221;|||&#8221; custom_margin_last_edited=&#8221;on|tablet&#8221;]<\/p>\n<p><strong>Telefon:<\/strong><br \/>\n+49 (0) 61 03 &#8211; 40 36 8- 0<\/p>\n<p>[\/et_pb_blurb][\/et_pb_column][et_pb_column type=&#8221;1_4&#8243;][et_pb_blurb title=&#8221;BESUCHEN SIE UNS&#8221; use_icon=&#8221;on&#8221; font_icon=&#8221;%%109%%&#8221; icon_color=&#8221;rgba(255,255,255,0.22)&#8221; icon_placement=&#8221;left&#8221; background_layout=&#8221;dark&#8221; _builder_version=&#8221;3.0.64&#8243; header_font=&#8221;|on|||&#8221;]<\/p>\n<p>Paul-Ehrlich-Str. 1A<br \/>\nD-63225 Langen, GERMANY<\/p>\n<p>[\/et_pb_blurb][\/et_pb_column][et_pb_column type=&#8221;1_4&#8243;][\/et_pb_column][\/et_pb_row][et_pb_row admin_label=&#8221;row&#8221; make_fullwidth=&#8221;on&#8221; custom_padding=&#8221;|||&#8221; custom_margin=&#8221;|||&#8221; background_position_1=&#8221;top_left&#8221; background_position_2=&#8221;top_left&#8221; background_position_3=&#8221;top_left&#8221; background_repeat_1=&#8221;no-repeat&#8221; background_repeat_2=&#8221;no-repeat&#8221; background_repeat_3=&#8221;no-repeat&#8221; _builder_version=&#8221;3.0.93&#8243; global_module=&#8221;213707&#8243;][et_pb_column type=&#8221;1_4&#8243;][\/et_pb_column][et_pb_column type=&#8221;1_2&#8243;][et_pb_contact_form global_parent=&#8221;213707&#8243; captcha=&#8221;off&#8221; email=&#8221;G.Walter@bmcs.cargolink.de&#8221; form_background_color=&#8221;rgba(255,255,255,0.85)&#8221; module_id=&#8221;et_pb_contact_form_0&#8243; _builder_version=&#8221;3.0.93&#8243; custom_button=&#8221;on&#8221; button_text_size=&#8221;17&#8243; button_text_color=&#8221;#ffffff&#8221; button_bg_color=&#8221;#0e7210&#8243; use_redirect=&#8221;off&#8221; button_icon_placement=&#8221;right&#8221;][et_pb_contact_field field_id=&#8221;Name&#8221; field_title=&#8221;Name&#8221; _builder_version=&#8221;3.0.93&#8243; \/][et_pb_contact_field field_id=&#8221;Email&#8221; field_title=&#8221;Email Adresse&#8221; field_type=&#8221;email&#8221; fullwidth_field=&#8221;on&#8221; _builder_version=&#8221;3.0.93&#8243; form_field_font=&#8221;||||&#8221; use_border_color=&#8221;off&#8221; \/][et_pb_contact_field field_id=&#8221;Message&#8221; field_title=&#8221;Nachricht&#8221; field_type=&#8221;text&#8221; fullwidth_field=&#8221;on&#8221; _builder_version=&#8221;3.0.93&#8243; form_field_font=&#8221;||||&#8221; use_border_color=&#8221;off&#8221; \/][et_pb_contact_field field_id=&#8221;Datenschutz&#8221; field_title=&#8221;Ich erkl\u00e4re meine Einwilligung zur Erhebung, Verarbeitung oder Nutzung meiner personenbezogenen Daten gem\u00e4\u00df der Datenschutzerkl\u00e4rung.&#8221; field_type=&#8221;checkbox&#8221; fullwidth_field=&#8221;on&#8221; _builder_version=&#8221;3.0.93&#8243; form_field_font=&#8221;||||&#8221; use_border_color=&#8221;off&#8221; checkbox_checked=&#8221;off&#8221; checkbox_options=&#8221;%91{%22value%22:%22OK%22,%22checked%22:0}%93&#8243; radio_options=&#8221;%91{%22value%22:%22Nachricht%22,%22checked%22:0}%93&#8243; select_options=&#8221;%91{%22value%22:%22Nachricht%22,%22checked%22:0}%93&#8243; min_length=&#8221;0&#8243; max_length=&#8221;0&#8243; allowed_symbols=&#8221;all&#8221; required_mark=&#8221;on&#8221; conditional_logic=&#8221;off&#8221; conditional_logic_relation=&#8221;off&#8221; conditional_logic_rules=&#8221;%91{%22field%22:%22name%22,%22condition%22:%22is%22,%22value%22:%22%22}%93&#8243; background_color=&#8221;rgba(255,255,255,0.93)&#8221; use_background_color_gradient=&#8221;off&#8221; background_color_gradient_start=&#8221;#2b87da&#8221; background_color_gradient_end=&#8221;#29c4a9&#8243; background_color_gradient_type=&#8221;linear&#8221; background_color_gradient_direction=&#8221;180deg&#8221; background_color_gradient_direction_radial=&#8221;center&#8221; background_color_gradient_start_position=&#8221;0%&#8221; background_color_gradient_end_position=&#8221;100%&#8221; background_color_gradient_overlays_image=&#8221;off&#8221; parallax=&#8221;off&#8221; parallax_method=&#8221;on&#8221; background_size=&#8221;cover&#8221; background_position=&#8221;center&#8221; background_repeat=&#8221;no-repeat&#8221; background_blend=&#8221;normal&#8221; allow_player_pause=&#8221;off&#8221; field_background_color=&#8221;#ffffff&#8221; border_width_all=&#8221;1px&#8221; custom_margin=&#8221;|||20px&#8221; custom_margin_tablet=&#8221;|||20px&#8221; custom_margin_phone=&#8221;|||20px&#8221; custom_padding=&#8221;20px|10px|15px|15px&#8221; custom_padding_tablet=&#8221;20px|10px|15px|15px&#8221; custom_padding_phone=&#8221;20px|10px|15px|15px&#8221; \/][\/et_pb_contact_form][\/et_pb_column][et_pb_column type=&#8221;1_4&#8243;][\/et_pb_column][\/et_pb_row][\/et_pb_section][et_pb_section bb_built=&#8221;1&#8243; inner_shadow=&#8221;on&#8221; module_class=&#8221;shadowbox&#8221; custom_padding_last_edited=&#8221;on|desktop&#8221; _builder_version=&#8221;3.0.64&#8243; use_background_color_gradient=&#8221;on&#8221; background_color_gradient_start=&#8221;#eeeeee&#8221; background_color_gradient_end=&#8221;#ffffff&#8221; background_color_gradient_direction=&#8221;18deg&#8221; background_color_gradient_start_position=&#8221;50%&#8221; background_color_gradient_end_position=&#8221;50%&#8221; custom_padding=&#8221;||0px|&#8221; background_color=&#8221;rgba(12,113,195,0.56)&#8221; global_module=&#8221;213023&#8243;][et_pb_row global_parent=&#8221;213023&#8243; _builder_version=&#8221;3.0.47&#8243; background_size=&#8221;initial&#8221; background_position=&#8221;top_left&#8221; background_repeat=&#8221;repeat&#8221;][et_pb_column type=&#8221;1_3&#8243;][et_pb_text global_parent=&#8221;213023&#8243; _builder_version=&#8221;3.0.64&#8243; text_font=&#8221;Raleway|on|||&#8221; text_font_size=&#8221;28&#8243; text_text_color=&#8221;#777777&#8243; text_line_height=&#8221;1.4em&#8221; custom_margin=&#8221;||8px|&#8221; custom_css_main_element=&#8221;font-weight: 900;&#8221; border_style=&#8221;solid&#8221;]<\/p>\n<p>BMCS Partner<\/p>\n<p>[\/et_pb_text][et_pb_text global_parent=&#8221;213023&#8243; _builder_version=&#8221;3.0.64&#8243; text_font=&#8221;Source Sans Pro||||&#8221; text_text_color=&#8221;#808080&#8243; text_line_height=&#8221;1.5em&#8221; max_width=&#8221;300px&#8221; custom_padding=&#8221;0px|||&#8221; border_style=&#8221;solid&#8221;]<\/p>\n<p>\u00a9 2017 BMCS Bress Mundial Das BMCS Sponsoring erm\u00f6glicht benachteiligten Kindern in der Welt eine schulische Ausbildung. Denn Kinder sind die Zukunft! Wir unterst\u00fctzen daher die Arbeit vom gemeinn\u00fctzigen Verein<strong> <a href=\"http:\/\/www.sambia-ev.de\/\">SAMBIA e.V.<\/a><\/strong><\/p>\n<p>[\/et_pb_text][et_pb_text global_parent=&#8221;213023&#8243; _builder_version=&#8221;3.0.64&#8243; text_font_size=&#8221;13&#8243; text_text_color=&#8221;#808080&#8243; text_line_height=&#8221;1.5em&#8221; max_width=&#8221;300px&#8221; custom_margin=&#8221;||30px|&#8221; custom_margin_tablet=&#8221;||10px|&#8221; custom_margin_last_edited=&#8221;on|tablet&#8221; custom_padding=&#8221;0px|||&#8221; border_style=&#8221;solid&#8221;]<\/p>\n<p><a href=\"http:\/\/www.conscienta.de\/\"><img loading=\"lazy\" decoding=\"async\" class=\"alignnone size-full wp-image-213397\" src=\"http:\/\/www.bmcs.cargolink.de\/wp-content\/uploads\/2017\/07\/CONSCIENTA_logo_klein-1.png\" alt=\"\" width=\"261\" height=\"90\" \/><\/a><\/p>\n<p>[\/et_pb_text][\/et_pb_column][et_pb_column type=&#8221;1_3&#8243;][et_pb_text global_parent=&#8221;213023&#8243; _builder_version=&#8221;3.0.64&#8243; text_font=&#8221;Raleway|on|||&#8221; text_font_size=&#8221;28&#8243; text_text_color=&#8221;#777777&#8243; text_line_height=&#8221;1.4em&#8221; custom_margin=&#8221;||8px|&#8221; custom_css_main_element=&#8221;font-weight: 900;&#8221; border_style=&#8221;solid&#8221;]<\/p>\n<p>MEET BMCS<\/p>\n<p>[\/et_pb_text][et_pb_text global_parent=&#8221;213023&#8243; _builder_version=&#8221;3.0.93&#8243; text_font_size=&#8221;12px&#8221; text_line_height=&#8221;1em&#8221; background_size=&#8221;initial&#8221; background_position=&#8221;top_left&#8221; background_repeat=&#8221;repeat&#8221; custom_padding=&#8221;20px|20px|20px|20px&#8221; background_layout=&#8221;light&#8221;]<\/p>\n<p><span style=\"color: #808080;\"><a style=\"color: #808080;\" href=\"http:\/\/www.bmcs.cargolink.de\/index.php\/deleitsaetze\/\">Leits\u00e4tze<\/a><\/span><\/p>\n<p><span style=\"color: #808080;\"><a style=\"color: #808080;\" href=\"http:\/\/www.bmcs.cargolink.de\/index.php\/team\/\">Unser Team<\/a><\/span><\/p>\n<p><span style=\"color: #808080;\"><a style=\"color: #808080;\" href=\"http:\/\/www.bmcs.cargolink.de\/index.php\/impressum\/\">Impressum<\/a><\/span><\/p>\n<p><span style=\"color: #808080;\"><a style=\"color: #808080;\" href=\"http:\/\/www.bmcs.cargolink.de\/index.php\/datenschutz\/\">Datenschutz<\/a><\/span><\/p>\n<p><span style=\"color: #808080;\"><a style=\"color: #808080;\" href=\"http:\/\/www.bmcs.cargolink.de\/index.php\/kontakt\/\">Kontakt<\/a><\/span><\/p>\n<p>[\/et_pb_text][et_pb_text global_parent=&#8221;213023&#8243; _builder_version=&#8221;3.0.93&#8243; text_font=&#8221;Source Sans Pro||||&#8221; text_text_color=&#8221;#808080&#8243; text_line_height=&#8221;1.5em&#8221; max_width=&#8221;300px&#8221; custom_padding=&#8221;0px|||&#8221; border_style=&#8221;solid&#8221;]<\/p>\n<p>Alle auf dieser Seite verwendeten Bilder sind lizenfreie Bilder der Anbieter <a href=\"https:\/\/pixabay.com\">Pixabay<\/a> und\u00a0<a href=\"https:\/\/unsplash.com\/\">unsplash!<\/a><\/p>\n<p>[\/et_pb_text][et_pb_search global_parent=&#8221;213023&#8243; exclude_pages=&#8221;off&#8221; exclude_posts=&#8221;off&#8221; _builder_version=&#8221;3.0.47&#8243; hide_button=&#8221;off&#8221; show_button=&#8221;on&#8221; \/][\/et_pb_column][et_pb_column type=&#8221;1_3&#8243;][et_pb_text global_parent=&#8221;213023&#8243; _builder_version=&#8221;3.0.64&#8243; text_font=&#8221;Raleway|on|||&#8221; text_font_size=&#8221;28&#8243; text_text_color=&#8221;#777777&#8243; text_line_height=&#8221;1.4em&#8221; custom_margin=&#8221;||8px|&#8221; custom_css_main_element=&#8221;font-weight: 900;&#8221; border_style=&#8221;solid&#8221;]<\/p>\n<p>GOOGLE MAPS<\/p>\n<p>[\/et_pb_text][et_pb_map global_parent=&#8221;213023&#8243; address=&#8221;Paul-Ehrlich-Stra\u00dfe 1A, 63225 Langen (Hessen), Deutschland&#8221; zoom_level=&#8221;19&#8243; address_lat=&#8221;50.001762724027564&#8243; address_lng=&#8221;8.656285499999953&#8243; _builder_version=&#8221;3.0.64&#8243; child_filter_saturate=&#8221;100%&#8221;][et_pb_map_pin pin_address=&#8221;Paul Ehrlich Str. 1A D 63225 Langen&#8221; pin_address_lat=&#8221;37.7749295&#8243; pin_address_lng=&#8221;-122.41941550000001&#8243; _builder_version=&#8221;3.0.47&#8243;][\/et_pb_map_pin][\/et_pb_map][\/et_pb_column][\/et_pb_row][\/et_pb_section]<\/p>\n","protected":false},"excerpt":{"rendered":"<p>Sie haben Fragen? Diese k\u00f6nnen wir gerne bei einem Kaffee besprechen. Telefon: +49 (0) 61 03 &#8211; 40 36 8- 0 Paul-Ehrlich-Str. 1A D-63225 Langen, GERMANY BMCS Partner \u00a9 2017 BMCS Bress Mundial Das BMCS Sponsoring erm\u00f6glicht benachteiligten Kindern in der Welt eine schulische Ausbildung. Denn Kinder sind die Zukunft! Wir unterst\u00fctzen daher die Arbeit [&hellip;]<\/p>\n","protected":false},"author":1,"featured_media":0,"parent":0,"menu_order":0,"comment_status":"closed","ping_status":"closed","template":"","meta":{"_et_pb_use_builder":"on","_et_pb_old_content":"","_et_gb_content_width":"","footnotes":""},"class_list":["post-213342","page","type-page","status-publish","hentry"],"_links":{"self":[{"href":"https:\/\/www.bmcs.cargolink.de\/index.php\/wp-json\/wp\/v2\/pages\/213342","targetHints":{"allow":["GET"]}}],"collection":[{"href":"https:\/\/www.bmcs.cargolink.de\/index.php\/wp-json\/wp\/v2\/pages"}],"about":[{"href":"https:\/\/www.bmcs.cargolink.de\/index.php\/wp-json\/wp\/v2\/types\/page"}],"author":[{"embeddable":true,"href":"https:\/\/www.bmcs.cargolink.de\/index.php\/wp-json\/wp\/v2\/users\/1"}],"replies":[{"embeddable":true,"href":"https:\/\/www.bmcs.cargolink.de\/index.php\/wp-json\/wp\/v2\/comments?post=213342"}],"version-history":[{"count":18,"href":"https:\/\/www.bmcs.cargolink.de\/index.php\/wp-json\/wp\/v2\/pages\/213342\/revisions"}],"predecessor-version":[{"id":213737,"href":"https:\/\/www.bmcs.cargolink.de\/index.php\/wp-json\/wp\/v2\/pages\/213342\/revisions\/213737"}],"wp:attachment":[{"href":"https:\/\/www.bmcs.cargolink.de\/index.php\/wp-json\/wp\/v2\/media?parent=213342"}],"curies":[{"name":"wp","href":"https:\/\/api.w.org\/{rel}","templated":true}]}}