{"id":213146,"date":"2017-07-28T10:10:38","date_gmt":"2017-07-28T08:10:38","guid":{"rendered":"http:\/\/www.bmcs.cargolink.de\/?page_id=213146"},"modified":"2025-01-06T09:37:06","modified_gmt":"2025-01-06T08:37:06","slug":"impressum","status":"publish","type":"page","link":"https:\/\/www.bmcs.cargolink.de\/index.php\/impressum\/","title":{"rendered":"Impressum"},"content":{"rendered":"<p>[et_pb_section fb_built=&#8221;1&#8243; _builder_version=&#8221;4.16&#8243; global_colors_info=&#8221;{}&#8221;][et_pb_row column_structure=&#8221;3_4,1_4&#8243; _builder_version=&#8221;4.16&#8243; background_size=&#8221;initial&#8221; background_position=&#8221;top_left&#8221; background_repeat=&#8221;repeat&#8221; global_colors_info=&#8221;{}&#8221;][et_pb_column type=&#8221;3_4&#8243; _builder_version=&#8221;4.16&#8243; custom_padding=&#8221;|||&#8221; global_colors_info=&#8221;{}&#8221; custom_padding__hover=&#8221;|||&#8221;][et_pb_text _builder_version=&#8221;4.25.2&#8243; hover_enabled=&#8221;0&#8243; border_style=&#8221;solid&#8221; global_colors_info=&#8221;{}&#8221; admin_label=&#8221;Text&#8221; sticky_enabled=&#8221;0&#8243;]<\/p>\n<p>Impressum<br \/>BMCS Bress Mundial Container Service GmbH<br \/>Paul-Ehrlich-Str.1a<br \/>D63225 Langen<br \/>Telefon: +49 6103 40368-0<br \/>E-Mail: y.ekiz@bmcs.cargolink.de<br \/>www.bmcs.cargolink.de<br \/>Gesch\u00e4ftsf\u00fchrung: Yasin Ekiz<\/p>\n<p>Sitz der Gesellschaft: Langen<br \/>Handelsregister: Amtsgericht Offenbach HRB 32087<br \/>Die Umsatzsteuer-Identifikationsnummer der BMCS GmbH ist DE 154 335 453.<\/p>\n<p>[\/et_pb_text][\/et_pb_column][et_pb_column type=&#8221;1_4&#8243; _builder_version=&#8221;4.16&#8243; custom_padding=&#8221;|||&#8221; global_colors_info=&#8221;{}&#8221; custom_padding__hover=&#8221;|||&#8221;][\/et_pb_column][\/et_pb_row][\/et_pb_section][et_pb_section fb_built=&#8221;1&#8243; inner_shadow=&#8221;on&#8221; custom_padding_last_edited=&#8221;on|desktop&#8221; module_class=&#8221;shadowbox&#8221; _builder_version=&#8221;4.16&#8243; background_color=&#8221;rgba(12,113,195,0.56)&#8221; use_background_color_gradient=&#8221;on&#8221; background_color_gradient_direction=&#8221;18deg&#8221; background_color_gradient_stops=&#8221;#eeeeee 50%|#ffffff 50%&#8221; background_color_gradient_start=&#8221;#eeeeee&#8221; background_color_gradient_start_position=&#8221;50%&#8221; background_color_gradient_end=&#8221;#ffffff&#8221; background_color_gradient_end_position=&#8221;50%&#8221; custom_padding=&#8221;||0px|&#8221; custom_padding_tablet=&#8221;&#8221; custom_padding_phone=&#8221;&#8221; global_module=&#8221;213023&#8243; global_colors_info=&#8221;{}&#8221;][et_pb_row column_structure=&#8221;1_3,1_3,1_3&#8243; _builder_version=&#8221;4.16&#8243; background_size=&#8221;initial&#8221; background_position=&#8221;top_left&#8221; background_repeat=&#8221;repeat&#8221; global_colors_info=&#8221;{}&#8221;][et_pb_column type=&#8221;1_3&#8243; module_class=&#8221;vertical-align&#8221; _builder_version=&#8221;4.16&#8243; background_position=&#8221;top_left&#8221; custom_padding=&#8221;|||&#8221; global_colors_info=&#8221;{}&#8221; custom_padding__hover=&#8221;|||&#8221;][et_pb_text _builder_version=&#8221;4.16&#8243; text_font=&#8221;Raleway|on|||&#8221; text_text_color=&#8221;#777777&#8243; text_font_size=&#8221;28&#8243; text_line_height=&#8221;1.4em&#8221; custom_margin=&#8221;||8px|&#8221; custom_css_main_element=&#8221;font-weight: 900;&#8221; border_style=&#8221;solid&#8221; global_colors_info=&#8221;{}&#8221;]<\/p>\n<p>BMCS Partner<\/p>\n<p>[\/et_pb_text][et_pb_text _builder_version=&#8221;4.16&#8243; text_font=&#8221;Source Sans Pro||||&#8221; text_text_color=&#8221;#808080&#8243; text_line_height=&#8221;1.5em&#8221; max_width=&#8221;300px&#8221; custom_padding=&#8221;0px|||&#8221; border_style=&#8221;solid&#8221; global_colors_info=&#8221;{}&#8221;]<\/p>\n<p>\u00a9 2023 BMCS Bress Mundial Das BMCS Sponsoring erm\u00f6glicht benachteiligten Kindern in der Welt eine schulische Ausbildung. Denn Kinder sind die Zukunft! Wir unterst\u00fctzen daher die Arbeit vom gemeinn\u00fctzigen Verein<strong> <a href=\"http:\/\/www.sambia-ev.de\/\">SAMBIA e.V.<\/a><\/strong><\/p>\n<p>[\/et_pb_text][\/et_pb_column][et_pb_column type=&#8221;1_3&#8243; module_class=&#8221;vertical-align&#8221; _builder_version=&#8221;4.16&#8243; background_position=&#8221;top_left&#8221; custom_padding=&#8221;|||&#8221; global_colors_info=&#8221;{}&#8221; custom_padding__hover=&#8221;|||&#8221;][et_pb_text _builder_version=&#8221;4.16&#8243; text_font=&#8221;Raleway|on|||&#8221; text_text_color=&#8221;#777777&#8243; text_font_size=&#8221;28&#8243; text_line_height=&#8221;1.4em&#8221; custom_margin=&#8221;||8px|&#8221; hover_enabled=&#8221;0&#8243; custom_css_main_element=&#8221;font-weight: 900;&#8221; border_style=&#8221;solid&#8221; global_colors_info=&#8221;{}&#8221; sticky_enabled=&#8221;0&#8243;]<\/p>\n<p>MEET BMCS<\/p>\n<p>[\/et_pb_text][et_pb_text _builder_version=&#8221;4.16&#8243; text_font_size=&#8221;12px&#8221; text_line_height=&#8221;1em&#8221; background_size=&#8221;initial&#8221; background_position=&#8221;top_left&#8221; background_repeat=&#8221;repeat&#8221; custom_padding=&#8221;20px|20px|20px|20px&#8221; z_index_tablet=&#8221;500&#8243; text_text_shadow_horizontal_length_tablet=&#8221;0px&#8221; text_text_shadow_vertical_length_tablet=&#8221;0px&#8221; text_text_shadow_blur_strength_tablet=&#8221;1px&#8221; link_text_shadow_horizontal_length_tablet=&#8221;0px&#8221; link_text_shadow_vertical_length_tablet=&#8221;0px&#8221; link_text_shadow_blur_strength_tablet=&#8221;1px&#8221; ul_text_shadow_horizontal_length_tablet=&#8221;0px&#8221; ul_text_shadow_vertical_length_tablet=&#8221;0px&#8221; ul_text_shadow_blur_strength_tablet=&#8221;1px&#8221; ol_text_shadow_horizontal_length_tablet=&#8221;0px&#8221; ol_text_shadow_vertical_length_tablet=&#8221;0px&#8221; ol_text_shadow_blur_strength_tablet=&#8221;1px&#8221; quote_text_shadow_horizontal_length_tablet=&#8221;0px&#8221; quote_text_shadow_vertical_length_tablet=&#8221;0px&#8221; quote_text_shadow_blur_strength_tablet=&#8221;1px&#8221; header_text_shadow_horizontal_length_tablet=&#8221;0px&#8221; header_text_shadow_vertical_length_tablet=&#8221;0px&#8221; header_text_shadow_blur_strength_tablet=&#8221;1px&#8221; header_2_text_shadow_horizontal_length_tablet=&#8221;0px&#8221; header_2_text_shadow_vertical_length_tablet=&#8221;0px&#8221; header_2_text_shadow_blur_strength_tablet=&#8221;1px&#8221; header_3_text_shadow_horizontal_length_tablet=&#8221;0px&#8221; header_3_text_shadow_vertical_length_tablet=&#8221;0px&#8221; header_3_text_shadow_blur_strength_tablet=&#8221;1px&#8221; header_4_text_shadow_horizontal_length_tablet=&#8221;0px&#8221; header_4_text_shadow_vertical_length_tablet=&#8221;0px&#8221; header_4_text_shadow_blur_strength_tablet=&#8221;1px&#8221; header_5_text_shadow_horizontal_length_tablet=&#8221;0px&#8221; header_5_text_shadow_vertical_length_tablet=&#8221;0px&#8221; header_5_text_shadow_blur_strength_tablet=&#8221;1px&#8221; header_6_text_shadow_horizontal_length_tablet=&#8221;0px&#8221; header_6_text_shadow_vertical_length_tablet=&#8221;0px&#8221; header_6_text_shadow_blur_strength_tablet=&#8221;1px&#8221; box_shadow_horizontal_tablet=&#8221;0px&#8221; box_shadow_vertical_tablet=&#8221;0px&#8221; box_shadow_blur_tablet=&#8221;40px&#8221; box_shadow_spread_tablet=&#8221;0px&#8221; global_colors_info=&#8221;{}&#8221;]<\/p>\n<p><span style=\"color: #808080;\"><a style=\"color: #808080;\" href=\"https:\/\/www.bmcs.cargolink.de\/index.php\/deleitsaetze\/\">Leits\u00e4tze<\/a><\/span><\/p>\n<p><span style=\"color: #808080;\"><a style=\"color: #808080;\" href=\"https:\/\/www.bmcs.cargolink.de\/index.php\/impressum\/\">Impressum<\/a><\/span><\/p>\n<p><span style=\"color: #808080;\"><a style=\"color: #808080;\" href=\"https:\/\/www.bmcs.cargolink.de\/index.php\/datenschutz\/\">Datenschutz<\/a><\/span><\/p>\n<p><span style=\"color: #808080;\"><a style=\"color: #808080;\" href=\"https:\/\/www.bmcs.cargolink.de\/index.php\/kontakt\/\">Kontakt<\/a><\/span><\/p>\n<\/p>\n<p>[\/et_pb_text][et_pb_text _builder_version=&#8221;4.16&#8243; text_font=&#8221;Source Sans Pro||||&#8221; text_text_color=&#8221;#808080&#8243; text_line_height=&#8221;1.5em&#8221; max_width=&#8221;300px&#8221; custom_padding=&#8221;0px|||&#8221; border_style=&#8221;solid&#8221; global_colors_info=&#8221;{}&#8221;]<\/p>\n<p>Alle auf dieser Seite verwendeten Bilder sind lizenfreie Bilder der Anbieter <a href=\"https:\/\/pixabay.com\">Pixabay<\/a> und\u00a0<a href=\"https:\/\/unsplash.com\/\">unsplash!<\/a><\/p>\n<p>[\/et_pb_text][et_pb_search exclude_pages=&#8221;off&#8221; _builder_version=&#8221;4.16&#8243; hide_button=&#8221;off&#8221; global_colors_info=&#8221;{}&#8221; button_text_size__hover_enabled=&#8221;off&#8221; button_text_size__hover=&#8221;null&#8221; button_one_text_size__hover_enabled=&#8221;off&#8221; button_one_text_size__hover=&#8221;null&#8221; button_two_text_size__hover_enabled=&#8221;off&#8221; button_two_text_size__hover=&#8221;null&#8221; button_text_color__hover_enabled=&#8221;off&#8221; button_text_color__hover=&#8221;null&#8221; button_one_text_color__hover_enabled=&#8221;off&#8221; button_one_text_color__hover=&#8221;null&#8221; button_two_text_color__hover_enabled=&#8221;off&#8221; button_two_text_color__hover=&#8221;null&#8221; button_border_width__hover_enabled=&#8221;off&#8221; button_border_width__hover=&#8221;null&#8221; button_one_border_width__hover_enabled=&#8221;off&#8221; button_one_border_width__hover=&#8221;null&#8221; button_two_border_width__hover_enabled=&#8221;off&#8221; button_two_border_width__hover=&#8221;null&#8221; button_border_color__hover_enabled=&#8221;off&#8221; button_border_color__hover=&#8221;null&#8221; button_one_border_color__hover_enabled=&#8221;off&#8221; button_one_border_color__hover=&#8221;null&#8221; button_two_border_color__hover_enabled=&#8221;off&#8221; button_two_border_color__hover=&#8221;null&#8221; button_border_radius__hover_enabled=&#8221;off&#8221; button_border_radius__hover=&#8221;null&#8221; button_one_border_radius__hover_enabled=&#8221;off&#8221; button_one_border_radius__hover=&#8221;null&#8221; button_two_border_radius__hover_enabled=&#8221;off&#8221; button_two_border_radius__hover=&#8221;null&#8221; button_letter_spacing__hover_enabled=&#8221;off&#8221; button_letter_spacing__hover=&#8221;null&#8221; button_one_letter_spacing__hover_enabled=&#8221;off&#8221; button_one_letter_spacing__hover=&#8221;null&#8221; button_two_letter_spacing__hover_enabled=&#8221;off&#8221; button_two_letter_spacing__hover=&#8221;null&#8221; button_bg_color__hover_enabled=&#8221;off&#8221; button_bg_color__hover=&#8221;null&#8221; button_one_bg_color__hover_enabled=&#8221;off&#8221; button_one_bg_color__hover=&#8221;null&#8221; button_two_bg_color__hover_enabled=&#8221;off&#8221; button_two_bg_color__hover=&#8221;null&#8221;][\/et_pb_search][\/et_pb_column][et_pb_column type=&#8221;1_3&#8243; module_class=&#8221;vertical-align&#8221; _builder_version=&#8221;4.16&#8243; background_position=&#8221;top_left&#8221; custom_padding=&#8221;|||&#8221; global_colors_info=&#8221;{}&#8221; custom_padding__hover=&#8221;|||&#8221;][et_pb_text _builder_version=&#8221;4.16&#8243; text_font=&#8221;Raleway|on|||&#8221; text_text_color=&#8221;#777777&#8243; text_font_size=&#8221;28&#8243; text_line_height=&#8221;1.4em&#8221; custom_margin=&#8221;||8px|&#8221; custom_css_main_element=&#8221;font-weight: 900;&#8221; global_colors_info=&#8221;{}&#8221;]<\/p>\n<p>KARTE<\/p>\n<p>[\/et_pb_text][et_pb_image src=&#8221;https:\/\/www.bmcs.cargolink.de\/wp-content\/uploads\/2018\/07\/bmcs_map.png&#8221; url=&#8221;https:\/\/www.openstreetmap.de\/karte.html?zoom=15&#038;lat=50.00191&#038;lon=8.65289&#038;layers=B000TT&#8221; url_new_window=&#8221;on&#8221; align_tablet=&#8221;center&#8221; align_phone=&#8221;&#8221; align_last_edited=&#8221;on|desktop&#8221; _builder_version=&#8221;4.16&#8243; always_center_on_mobile=&#8221;on&#8221; global_colors_info=&#8221;{}&#8221;][\/et_pb_image][et_pb_image src=&#8221;https:\/\/www.bmcs.cargolink.de\/wp-content\/uploads\/2017\/07\/CONSCIENTA_logo_klein-1.png&#8221; align=&#8221;center&#8221; align_tablet=&#8221;center&#8221; align_phone=&#8221;&#8221; align_last_edited=&#8221;on|desktop&#8221; _builder_version=&#8221;4.16&#8243; z_index_tablet=&#8221;500&#8243; global_colors_info=&#8221;{}&#8221;][\/et_pb_image][\/et_pb_column][\/et_pb_row][\/et_pb_section]<\/p>\n","protected":false},"excerpt":{"rendered":"<p>ImpressumBMCS Bress Mundial Container Service GmbHPaul-Ehrlich-Str.1aD63225 LangenTelefon: +49 6103 40368-0E-Mail: y.ekiz@bmcs.cargolink.dewww.bmcs.cargolink.deGesch\u00e4ftsf\u00fchrung: Yasin Ekiz Sitz der Gesellschaft: LangenHandelsregister: Amtsgericht Offenbach HRB 32087Die Umsatzsteuer-Identifikationsnummer der BMCS GmbH ist DE 154 335 453.BMCS Partner\u00a9 2023 BMCS Bress Mundial Das BMCS Sponsoring erm\u00f6glicht benachteiligten Kindern in der Welt eine schulische Ausbildung. Denn Kinder sind die Zukunft! Wir unterst\u00fctzen daher [&hellip;]<\/p>\n","protected":false},"author":1,"featured_media":0,"parent":0,"menu_order":0,"comment_status":"closed","ping_status":"closed","template":"","meta":{"_et_pb_use_builder":"on","_et_pb_old_content":"","_et_gb_content_width":"","footnotes":""},"class_list":["post-213146","page","type-page","status-publish","hentry"],"_links":{"self":[{"href":"https:\/\/www.bmcs.cargolink.de\/index.php\/wp-json\/wp\/v2\/pages\/213146","targetHints":{"allow":["GET"]}}],"collection":[{"href":"https:\/\/www.bmcs.cargolink.de\/index.php\/wp-json\/wp\/v2\/pages"}],"about":[{"href":"https:\/\/www.bmcs.cargolink.de\/index.php\/wp-json\/wp\/v2\/types\/page"}],"author":[{"embeddable":true,"href":"https:\/\/www.bmcs.cargolink.de\/index.php\/wp-json\/wp\/v2\/users\/1"}],"replies":[{"embeddable":true,"href":"https:\/\/www.bmcs.cargolink.de\/index.php\/wp-json\/wp\/v2\/comments?post=213146"}],"version-history":[{"count":6,"href":"https:\/\/www.bmcs.cargolink.de\/index.php\/wp-json\/wp\/v2\/pages\/213146\/revisions"}],"predecessor-version":[{"id":213998,"href":"https:\/\/www.bmcs.cargolink.de\/index.php\/wp-json\/wp\/v2\/pages\/213146\/revisions\/213998"}],"wp:attachment":[{"href":"https:\/\/www.bmcs.cargolink.de\/index.php\/wp-json\/wp\/v2\/media?parent=213146"}],"curies":[{"name":"wp","href":"https:\/\/api.w.org\/{rel}","templated":true}]}}